{"id":286,"date":"2016-10-31T13:17:59","date_gmt":"2016-10-31T16:17:59","guid":{"rendered":"https:\/\/isfd159-bue.infd.edu.ar\/sitio\/?page_id=286"},"modified":"2025-11-04T21:26:38","modified_gmt":"2025-11-05T00:26:38","slug":"inicio","status":"publish","type":"page","link":"https:\/\/isfd159-bue.infd.edu.ar\/sitio\/","title":{"rendered":"Inicio"},"content":{"rendered":"<div id=\"metaslider-id-403\" style=\"width: 100%;\" class=\"ml-slider-3-33-0 metaslider metaslider-flex metaslider-403 ml-slider ms-theme-default\" role=\"region\" aria-roledescription=\"Slideshow\" aria-label=\"Slideshow\">\n    <div id=\"metaslider_container_403\">\n        <div id=\"metaslider_403\" class=\"flexslider\">\n            <ul aria-live=\"polite\" class=\"slides\">\n                <li style=\"display: block; width: 100%;\" class=\"slide-607 ms-image\" aria-roledescription=\"slide\" aria-label=\"slide-607\"><a href=\"https:\/\/mapa.infd.edu.ar\/\" target=\"_blank\"><img src=\"https:\/\/isfd159-bue.infd.edu.ar\/sitio\/wp-content\/uploads\/2018\/06\/mapa_infd6-1100x200.png\" height=\"200\" width=\"1100\" alt=\"\" class=\"slider-403 slide-607\" title=\"mapa_infd6\" \/><\/a><\/li>\n                <li style=\"display: none; width: 100%;\" class=\"slide-609 ms-image\" aria-roledescription=\"slide\" aria-label=\"slide-609\"><a href=\"https:\/\/www.argentina.gob.ar\/educacion\/becas\" target=\"_blank\"><img src=\"https:\/\/isfd159-bue.infd.edu.ar\/sitio\/wp-content\/uploads\/2018\/06\/becas7-1100x200.png\" height=\"200\" width=\"1100\" alt=\"\" class=\"slider-403 slide-609\" title=\"becas7\" \/><\/a><\/li>\n                <li style=\"display: none; width: 100%;\" class=\"slide-635 ms-image\" aria-roledescription=\"slide\" aria-label=\"slide-635\"><a href=\"https:\/\/www.argentina.gob.ar\/tema\/estudiar\/formacion-docencia\" target=\"_blank\"><img src=\"https:\/\/isfd159-bue.infd.edu.ar\/sitio\/wp-content\/uploads\/2018\/06\/convocatorias_slide6-1-1100x200.png\" height=\"200\" width=\"1100\" alt=\"\" class=\"slider-403 slide-635\" title=\"convocatorias_slide6-1\" \/><\/a><\/li>\n            <\/ul>\n        <\/div>\n        \n    <\/div>\n<\/div>\n<p><span style=\"font-size: 12pt; color: #000000;\" data-mce-mark=\"1\">\u00a0<\/span><\/p>\n<h1 style=\"text-align: center;\"><span style=\"color: #0000ff;\"><strong>Ciudad\u00a0 de\u00a0 PUNTA ALTA<\/strong><\/span><\/h1>\n<h2 style=\"text-align: center;\"><span style=\"color: #0000ff;\"><strong><strong>Distrito\u00a0 de CORONEL ROSALES &#8211;\u00a0Provincia\u00a0 de\u00a0 BU<\/strong>ENOS AIRES<\/strong><\/span><\/h2>\n<p style=\"text-align: center;\"><span style=\"font-size: 12pt; color: #000000;\" data-mce-mark=\"1\"><img decoding=\"async\" loading=\"lazy\" class=\"\" title=\"Frente punta alta en mis ojos\" src=\"https:\/\/isfd159-bue.infd.edu.ar\/sitio\/wp-content\/uploads\/2018\/06\/escuela_ISFD_159.jpg\" alt=\"Frente punta alta en mis ojos\" width=\"591\" height=\"431\" border=\"0\" \/> <\/span><!--more--><!--more--><\/p>\n<p style=\"text-align: center;\"><span style=\"color: #000080;\"><strong>Nuestro\u00a0Instituto Superior de Formaci\u00f3n Docente forma parte del sistema de educaci\u00f3n p\u00fablica de gesti\u00f3n estatal.<\/strong><\/span><\/p>\n<h2><a href=\"https:\/\/isfd159-bue.infd.edu.ar\/aula\/acceso.cgi\"><img decoding=\"async\" loading=\"lazy\" class=\"wp-image-1283 alignleft\" src=\"https:\/\/isfd159-bue.infd.edu.ar\/sitio\/wp-content\/uploads\/2020\/03\/INGRESO-AL-CAMPUS.jpg\" alt=\"\" width=\"155\" height=\"61\" \/><\/a><\/h2>\n<h2 style=\"text-align: center;\"><span style=\"font-size: 12pt; color: #000000;\" data-mce-mark=\"1\">\u00a0<\/span><\/h2>\n<h1 style=\"text-align: center;\"><a href=\"https:\/\/isfd159-bue.infd.edu.ar\/aula\/acceso.cgi\"><img decoding=\"async\" loading=\"lazy\" class=\"wp-image-1361 aligncenter\" src=\"https:\/\/isfd159-bue.infd.edu.ar\/sitio\/wp-content\/uploads\/2021\/03\/Aulas-Virtuales-1000x673.jpeg\" alt=\"\" width=\"515\" height=\"347\" srcset=\"https:\/\/isfd159-bue.infd.edu.ar\/sitio\/wp-content\/uploads\/2021\/03\/Aulas-Virtuales-1000x673.jpeg 1000w, https:\/\/isfd159-bue.infd.edu.ar\/sitio\/wp-content\/uploads\/2021\/03\/Aulas-Virtuales-768x517.jpeg 768w, https:\/\/isfd159-bue.infd.edu.ar\/sitio\/wp-content\/uploads\/2021\/03\/Aulas-Virtuales.jpeg 1280w\" sizes=\"(max-width: 515px) 100vw, 515px\" \/><\/a><\/h1>\n<h1><img decoding=\"async\" loading=\"lazy\" class=\"size-medium wp-image-1545 aligncenter\" src=\"https:\/\/isfd159-bue.infd.edu.ar\/sitio\/wp-content\/uploads\/2025\/11\/Instituto-Superior-de-Formacion-4-707x1000.jpg\" alt=\"\" width=\"707\" height=\"1000\" srcset=\"https:\/\/isfd159-bue.infd.edu.ar\/sitio\/wp-content\/uploads\/2025\/11\/Instituto-Superior-de-Formacion-4-707x1000.jpg 707w, https:\/\/isfd159-bue.infd.edu.ar\/sitio\/wp-content\/uploads\/2025\/11\/Instituto-Superior-de-Formacion-4-1343x1900.jpg 1343w, https:\/\/isfd159-bue.infd.edu.ar\/sitio\/wp-content\/uploads\/2025\/11\/Instituto-Superior-de-Formacion-4-768x1086.jpg 768w, https:\/\/isfd159-bue.infd.edu.ar\/sitio\/wp-content\/uploads\/2025\/11\/Instituto-Superior-de-Formacion-4-1086x1536.jpg 1086w, https:\/\/isfd159-bue.infd.edu.ar\/sitio\/wp-content\/uploads\/2025\/11\/Instituto-Superior-de-Formacion-4.jpg 1414w\" sizes=\"(max-width: 707px) 100vw, 707px\" \/><\/h1>\n<p>&nbsp;<\/p>\n<h2 style=\"text-align: center;\"><strong>Mail Institucional:\u00a0 \u00a0 \u00a0<span style=\"color: #000080;\"> \u00a0isfdyt159crosales@abc.gob.ar<\/span><\/strong><\/h2>\n<p style=\"text-align: center;\"><img decoding=\"async\" loading=\"lazy\" class=\"alignnone\" title=\"Red virtual\" src=\"https:\/\/isfd159-bue.infd.edu.ar\/sitio\/wp-content\/uploads\/2018\/06\/la_red.jpg\" alt=\"Red virtual\" width=\"74\" height=\"50\" border=\"0\" \/>Junto con varios cientos de Institutos, integramos la Red\u00a0Virtual de Institutos Superiores de Formaci\u00f3n Docente coordinada por el INFD (Instituto Nacional de Formaci\u00f3n Docente) dependiente del Ministerio de Educaci\u00f3n de la Naci\u00f3n Argentina.<\/p>\n","protected":false},"excerpt":{"rendered":"<p>\u00a0 Ciudad\u00a0 de\u00a0 PUNTA ALTA Distrito\u00a0 de CORONEL ROSALES &#8211;\u00a0Provincia\u00a0 de\u00a0 BUENOS AIRES<\/p>\n","protected":false},"author":1,"featured_media":0,"parent":883,"menu_order":0,"comment_status":"closed","ping_status":"closed","template":"","meta":[],"acf":[],"_links":{"self":[{"href":"https:\/\/isfd159-bue.infd.edu.ar\/sitio\/wp-json\/wp\/v2\/pages\/286"}],"collection":[{"href":"https:\/\/isfd159-bue.infd.edu.ar\/sitio\/wp-json\/wp\/v2\/pages"}],"about":[{"href":"https:\/\/isfd159-bue.infd.edu.ar\/sitio\/wp-json\/wp\/v2\/types\/page"}],"author":[{"embeddable":true,"href":"https:\/\/isfd159-bue.infd.edu.ar\/sitio\/wp-json\/wp\/v2\/users\/1"}],"replies":[{"embeddable":true,"href":"https:\/\/isfd159-bue.infd.edu.ar\/sitio\/wp-json\/wp\/v2\/comments?post=286"}],"version-history":[{"count":137,"href":"https:\/\/isfd159-bue.infd.edu.ar\/sitio\/wp-json\/wp\/v2\/pages\/286\/revisions"}],"predecessor-version":[{"id":1547,"href":"https:\/\/isfd159-bue.infd.edu.ar\/sitio\/wp-json\/wp\/v2\/pages\/286\/revisions\/1547"}],"up":[{"embeddable":true,"href":"https:\/\/isfd159-bue.infd.edu.ar\/sitio\/wp-json\/wp\/v2\/pages\/883"}],"wp:attachment":[{"href":"https:\/\/isfd159-bue.infd.edu.ar\/sitio\/wp-json\/wp\/v2\/media?parent=286"}],"curies":[{"name":"wp","href":"https:\/\/api.w.org\/{rel}","templated":true}]}}