{"id":893,"date":"2018-06-28T01:29:47","date_gmt":"2018-06-28T04:29:47","guid":{"rendered":"https:\/\/isfd159-bue.infd.edu.ar\/sitio\/datos-institucionales\/"},"modified":"2021-10-18T08:46:22","modified_gmt":"2021-10-18T11:46:22","slug":"datos-institucionales","status":"publish","type":"page","link":"https:\/\/isfd159-bue.infd.edu.ar\/sitio\/datos-institucionales\/","title":{"rendered":"Datos institucionales"},"content":{"rendered":"<blockquote><p><span style=\"font-family: verdana; font-size: 10pt;\">&nbsp;<\/span><\/p>\n<h2><span style=\"font-family: arial,helvetica,sans-serif; font-size: 14pt; color: #9542d1;\"><strong>ISFD y T N\u00ba 159<\/strong><\/span><\/h2>\n<ul>\n<li><span style=\"font-family: arial,helvetica,sans-serif; font-size: 12pt;\">Horarios de atenci\u00f3n: de 18 hs a 22 hs.&nbsp;<\/span><\/li>\n<li><span style=\"font-family: arial,helvetica,sans-serif; font-size: 12pt;\">Direcci\u00f3n: Villanueva 277 &#8211; PUNTA ALTA<\/span><\/li>\n<li><span style=\"font-family: arial,helvetica,sans-serif; font-size: 12pt;\">Tel\u00e9fonos:(02932) 421368 <\/span><\/li>\n<li><span style=\"font-family: arial,helvetica,sans-serif; font-size: 12pt;\">E-mail de consultas: isfdyt159crosales@abc.gob.ar<\/span><\/li>\n<li><span style=\"font-family: arial,helvetica,sans-serif; font-size: 12pt;\">URL: <a>http:\/\/isfd159.bue.infd.edu.ar\/sitio\/<\/a><\/span><\/li>\n<\/ul>\n<p><span style=\"font-family: verdana; font-size: 10pt;\">&nbsp;<\/span><\/p>\n<p><img decoding=\"async\" loading=\"lazy\" class=\"alignnone size-medium wp-image-1350\" src=\"https:\/\/isfd159-bue.infd.edu.ar\/sitio\/wp-content\/uploads\/2021\/03\/Correos-de-la-Instituci\u00f3n--1000x558.jpeg\" alt=\"\" width=\"1000\" height=\"558\" srcset=\"https:\/\/isfd159-bue.infd.edu.ar\/sitio\/wp-content\/uploads\/2021\/03\/Correos-de-la-Instituci\u00f3n--1000x558.jpeg 1000w, https:\/\/isfd159-bue.infd.edu.ar\/sitio\/wp-content\/uploads\/2021\/03\/Correos-de-la-Instituci\u00f3n--768x429.jpeg 768w, https:\/\/isfd159-bue.infd.edu.ar\/sitio\/wp-content\/uploads\/2021\/03\/Correos-de-la-Instituci\u00f3n-.jpeg 1075w\" sizes=\"(max-width: 1000px) 100vw, 1000px\" \/><\/p>\n<p style=\"text-align: right;\"><span style=\"font-family: verdana; font-size: 10pt;\"><span style=\"color: #800080;\"><a title=\"El Instituto\" href=\"index.cgi?wid_seccion=1\">VOLVER&#8230;<\/a><\/span><br \/>\n<\/span><\/p>\n<\/blockquote>\n","protected":false},"excerpt":{"rendered":"<p>&nbsp; ISFD y T N\u00ba 159 Horarios de atenci\u00f3n: de 18 hs a 22 hs.&nbsp; Direcci\u00f3n: Villanueva 277 &#8211; PUNTA ALTA Tel\u00e9fonos:(02932) 421368 E-mail de consultas: isfdyt159crosales@abc.gob.ar URL: http:\/\/isfd159.bue.infd.edu.ar\/sitio\/ &nbsp; VOLVER&#8230;<\/p>\n","protected":false},"author":72,"featured_media":0,"parent":0,"menu_order":0,"comment_status":"closed","ping_status":"closed","template":"","meta":[],"acf":[],"_links":{"self":[{"href":"https:\/\/isfd159-bue.infd.edu.ar\/sitio\/wp-json\/wp\/v2\/pages\/893"}],"collection":[{"href":"https:\/\/isfd159-bue.infd.edu.ar\/sitio\/wp-json\/wp\/v2\/pages"}],"about":[{"href":"https:\/\/isfd159-bue.infd.edu.ar\/sitio\/wp-json\/wp\/v2\/types\/page"}],"author":[{"embeddable":true,"href":"https:\/\/isfd159-bue.infd.edu.ar\/sitio\/wp-json\/wp\/v2\/users\/72"}],"replies":[{"embeddable":true,"href":"https:\/\/isfd159-bue.infd.edu.ar\/sitio\/wp-json\/wp\/v2\/comments?post=893"}],"version-history":[{"count":5,"href":"https:\/\/isfd159-bue.infd.edu.ar\/sitio\/wp-json\/wp\/v2\/pages\/893\/revisions"}],"predecessor-version":[{"id":1410,"href":"https:\/\/isfd159-bue.infd.edu.ar\/sitio\/wp-json\/wp\/v2\/pages\/893\/revisions\/1410"}],"wp:attachment":[{"href":"https:\/\/isfd159-bue.infd.edu.ar\/sitio\/wp-json\/wp\/v2\/media?parent=893"}],"curies":[{"name":"wp","href":"https:\/\/api.w.org\/{rel}","templated":true}]}}