{"id":958,"date":"2018-07-10T12:53:09","date_gmt":"2018-07-10T15:53:09","guid":{"rendered":"https:\/\/isfd159-bue.infd.edu.ar\/sitio\/?page_id=958"},"modified":"2026-03-24T15:23:32","modified_gmt":"2026-03-24T18:23:32","slug":"equivalencias","status":"publish","type":"page","link":"https:\/\/isfd159-bue.infd.edu.ar\/sitio\/equivalencias\/","title":{"rendered":"Equivalencias"},"content":{"rendered":"<ul>\n<li style=\"list-style-type: none;\">\n<ul>\n<li>\n<h3><span style=\"font-family: arial, helvetica, sans-serif; font-size: 12pt;\">Presentarse en Preceptor\u00eda con las planillas de equivalencias correspondientes\u00a0<\/span><\/h3>\n<\/li>\n<li>\n<h6>Descargar las planillas en word o para imprimir<\/h6>\n<\/li>\n<li>\n<h3><a href=\"https:\/\/docs.google.com\/document\/d\/1wPVBIUMhcgJhspyzdKvl2jEuDp9H6_ZS\/edit\" target=\"_blank\" rel=\"noopener\"><span style=\"font-family: arial, helvetica, sans-serif; font-size: 12pt;\">PLANILLA_EQUIVALENCIA_Resumen <\/span><\/a><\/h3>\n<ul>\n<li>2 copias oficio<\/li>\n<li>1 folio oficio<\/li>\n<\/ul>\n<\/li>\n<li>\n<h3><a href=\"https:\/\/docs.google.com\/document\/d\/1Z5aKPOf9mK5mveofWauHtYbrHORydk26\/edit\" target=\"_blank\" rel=\"noopener\"><span style=\"font-family: arial, helvetica, sans-serif; font-size: 12pt;\">PLANILLA _EQUIVALENCIA_POR_UNIDAD_CURRICULAR<\/span><\/a><\/h3>\n<ul>\n<li>1 formulario por cada asignatura a solicitar<\/li>\n<li>1 folio por planilla<\/li>\n<\/ul>\n<\/li>\n<li>\n<h3><span style=\"font-family: arial, helvetica, sans-serif; font-size: 12pt;\" data-mce-mark=\"1\">Acompa\u00f1ar todas las planillas con el certificado anal\u00edtico de estudios realizados y los programas que correspondan. La documentaci\u00f3n deber\u00e1 estar apropiadamente certificada.<\/span><\/h3>\n<\/li>\n<li>\n<h3><span style=\"font-family: arial, helvetica, sans-serif; font-size: 12pt;\" data-mce-mark=\"1\"><strong>Cursar<\/strong> la Unidad Curricular cuya aprobaci\u00f3n solicita por equivalencia, hasta tanto se le confirme fehacientemente que se le otorg\u00f3 lo solicitado, en el caso que este cursando el a\u00f1o correspondiente a ese ciclo lectivo.<\/span><\/h3>\n<\/li>\n<li><a href=\"https:\/\/docs.google.com\/document\/d\/1dD7nEOf-zAT5Ame9Z9ykPLfMJvTmCao3\/edit\" target=\"_blank\" rel=\"noopener\">INSTRUCTIVO DE EQUIVALENCIAS<\/a><\/li>\n<\/ul>\n<\/li>\n<\/ul>\n<p style=\"text-align: center;\"><img decoding=\"async\" loading=\"lazy\" class=\"aligncenter wp-image-1261\" src=\"https:\/\/isfd159-bue.infd.edu.ar\/sitio\/wp-content\/uploads\/2020\/02\/grupo-jovenes-estudiantes.jpg\" alt=\"\" width=\"272\" height=\"181\" \/><\/p>\n<p style=\"text-align: right;\"><a title=\"Home\" href=\"index.cgi\">VOLVER<\/a><\/p>\n","protected":false},"excerpt":{"rendered":"<p>Presentarse en Preceptor\u00eda con las planillas de equivalencias correspondientes\u00a0 Descargar las planillas en word o para imprimir PLANILLA_EQUIVALENCIA_Resumen 2 copias oficio 1 folio oficio PLANILLA _EQUIVALENCIA_POR_UNIDAD_CURRICULAR 1 formulario por cada asignatura a solicitar 1 folio por planilla Acompa\u00f1ar todas las planillas con el certificado anal\u00edtico de estudios realizados y los programas que correspondan. La documentaci\u00f3n &#8230; <a title=\"Equivalencias\" class=\"read-more\" href=\"https:\/\/isfd159-bue.infd.edu.ar\/sitio\/equivalencias\/\" aria-label=\"More on Equivalencias\">[+]<\/a><\/p>\n","protected":false},"author":72,"featured_media":0,"parent":0,"menu_order":0,"comment_status":"closed","ping_status":"closed","template":"","meta":[],"acf":[],"_links":{"self":[{"href":"https:\/\/isfd159-bue.infd.edu.ar\/sitio\/wp-json\/wp\/v2\/pages\/958"}],"collection":[{"href":"https:\/\/isfd159-bue.infd.edu.ar\/sitio\/wp-json\/wp\/v2\/pages"}],"about":[{"href":"https:\/\/isfd159-bue.infd.edu.ar\/sitio\/wp-json\/wp\/v2\/types\/page"}],"author":[{"embeddable":true,"href":"https:\/\/isfd159-bue.infd.edu.ar\/sitio\/wp-json\/wp\/v2\/users\/72"}],"replies":[{"embeddable":true,"href":"https:\/\/isfd159-bue.infd.edu.ar\/sitio\/wp-json\/wp\/v2\/comments?post=958"}],"version-history":[{"count":10,"href":"https:\/\/isfd159-bue.infd.edu.ar\/sitio\/wp-json\/wp\/v2\/pages\/958\/revisions"}],"predecessor-version":[{"id":1588,"href":"https:\/\/isfd159-bue.infd.edu.ar\/sitio\/wp-json\/wp\/v2\/pages\/958\/revisions\/1588"}],"wp:attachment":[{"href":"https:\/\/isfd159-bue.infd.edu.ar\/sitio\/wp-json\/wp\/v2\/media?parent=958"}],"curies":[{"name":"wp","href":"https:\/\/api.w.org\/{rel}","templated":true}]}}